{"id":1907,"date":"2022-12-20T15:31:19","date_gmt":"2022-12-20T14:31:19","guid":{"rendered":"https:\/\/hakansonunited.se\/kreativ-sportbyra\/"},"modified":"2025-03-25T16:05:29","modified_gmt":"2025-03-25T15:05:29","slug":"creative-sport-agency","status":"publish","type":"page","link":"https:\/\/hakansonunited.se\/sv\/creative-sport-agency\/","title":{"rendered":"The Creative Sport Agency"},"content":{"rendered":"\n<div class=\"wp-block-nk-awb nk-awb nk-awb-fullheight nk-awb-content-valign-center alignfull nk-awb-10QBQ7\"><div class=\"nk-awb-wrap\" data-awb-type=\"yt_vm_video\" data-awb-video=\"https:\/\/www.youtube.com\/watch?v=Rpq0yPaRfso\" data-awb-video-start-time=\"2\" data-awb-video-mobile=\"true\" data-awb-parallax=\"scroll-opacity\" data-awb-parallax-speed=\"0.5\" data-awb-parallax-mobile=\"false\" data-awb-image-background-size=\"cover\" data-awb-image-background-position=\"50% 50%\"><div class=\"nk-awb-inner\"><img loading=\"lazy\" decoding=\"async\" src=\"https:\/\/hakansonunited.se\/wp-content\/uploads\/2023\/01\/video-still-startsida-creative-agency-placeholder.jpg\" class=\"wp-image-412 jarallax-img\" width=\"1024\" height=\"576\" srcset=\"https:\/\/hakansonunited.se\/wp-content\/uploads\/2023\/01\/video-still-startsida-creative-agency-placeholder.jpg 1024w, https:\/\/hakansonunited.se\/wp-content\/uploads\/2023\/01\/video-still-startsida-creative-agency-placeholder-300x169.jpg 300w, https:\/\/hakansonunited.se\/wp-content\/uploads\/2023\/01\/video-still-startsida-creative-agency-placeholder-768x432.jpg 768w, https:\/\/hakansonunited.se\/wp-content\/uploads\/2023\/01\/video-still-startsida-creative-agency-placeholder-500x281.jpg 500w, https:\/\/hakansonunited.se\/wp-content\/uploads\/2023\/01\/video-still-startsida-creative-agency-placeholder-800x450.jpg 800w\" sizes=\"auto, (max-width: 1024px) 100vw, 1024px\" \/><\/div><\/div><div class=\"nk-awb-wrap-content is-layout-constrained wp-container-nk-awb-is-layout-b0c428d9 wp-block-nk-awb-is-layout-constrained\">\n<h2 class=\"wp-block-heading has-text-align-center has-background-color has-text-color\" style=\"margin-top:var(--wp--preset--spacing--80);margin-right:var(--wp--preset--spacing--80);margin-bottom:var(--wp--preset--spacing--80);margin-left:var(--wp--preset--spacing--80);padding-top:var(--wp--preset--spacing--80);padding-right:var(--wp--preset--spacing--80);padding-bottom:var(--wp--preset--spacing--80);padding-left:var(--wp--preset--spacing--80);font-size:5.5rem;font-style:normal;font-weight:800\">We are the<br> <strong>Creative Sport Agency<\/strong><\/h2>\n<\/div><\/div>\n\n\n\n<section id=\"weare\" class=\"wp-block-group wp-block-section scroll-to alignfull is-horizontal is-content-justification-center is-nowrap is-layout-flex wp-container-core-group-is-layout-09c0d995 wp-block-group-is-layout-flex\" style=\"border-style:none;border-width:0px;padding-top:0;padding-right:0;padding-bottom:0;padding-left:0\">\n<div class=\"wp-block-group is-layout-constrained wp-container-core-group-is-layout-8958b348 wp-block-group-is-layout-constrained\" style=\"margin-top:0;margin-bottom:0;padding-top:0;padding-right:0;padding-bottom:0;padding-left:0\">\n<h2 class=\"wp-block-heading has-text-align-center\">The Creative Sport Agency<\/h2>\n\n\n\n<p class=\"has-text-align-center\">Vi tror p\u00e5 kraften i idrott eftersom idrott g\u00f6r gott varje dag, \u00f6verallt och f\u00f6r alla. Kombinationen av idrott och atleter inspirerar miljontals m\u00e4nniskor, v\u00e4cker k\u00e4nslor och bygger gemenskaper \u00f6ver hela v\u00e4rlden. Det \u00e4r bra att vara en del av idrotten.<\/p>\n\n\n\n<div class=\"wp-block-buttons is-content-justification-center is-layout-flex wp-container-core-buttons-is-layout-16018d1d wp-block-buttons-is-layout-flex\">\n<div class=\"wp-block-button is-style-fill\"><a class=\"wp-block-button__link has-background-color has-quaternary-background-color has-text-color has-background wp-element-button\" href=\"https:\/\/hakansonunited.se\/sv\/kontakt\/\">Kontakta oss!<\/a><\/div>\n<\/div>\n<\/div>\n<\/section>\n\n\n\n<div style=\"height:100px\" aria-hidden=\"true\" class=\"wp-block-spacer\"><\/div>\n","protected":false},"excerpt":{"rendered":"<p>The Creative Sport Agency Vi tror p\u00e5 kraften i idrott eftersom idrott g\u00f6r gott varje dag, \u00f6verallt och f\u00f6r alla. Kombinationen av idrott och atleter inspirerar miljontals m\u00e4nniskor, v\u00e4cker k\u00e4nslor och bygger gemenskaper \u00f6ver hela v\u00e4rlden. Det \u00e4r bra att vara en del av idrotten.<\/p>\n","protected":false},"author":2,"featured_media":0,"parent":0,"menu_order":-2,"comment_status":"closed","ping_status":"closed","template":"page-creative-agency","meta":{"inline_featured_image":false,"footnotes":""},"class_list":["post-1907","page","type-page","status-publish","hentry"],"yoast_head":"<!-- This site is optimized with the Yoast SEO plugin v27.3 - https:\/\/yoast.com\/product\/yoast-seo-wordpress\/ -->\n<title>The Creative Sport Agency - H\u00e5kanson United<\/title>\n<meta name=\"robots\" content=\"index, follow, max-snippet:-1, max-image-preview:large, max-video-preview:-1\" \/>\n<link rel=\"canonical\" href=\"https:\/\/hakansonunited.se\/sv\/creative-sport-agency\/\" \/>\n<meta property=\"og:locale\" content=\"sv_SE\" \/>\n<meta property=\"og:type\" content=\"article\" \/>\n<meta property=\"og:title\" content=\"The Creative Sport Agency - H\u00e5kanson United\" \/>\n<meta property=\"og:description\" content=\"The Creative Sport Agency Vi tror p\u00e5 kraften i idrott eftersom idrott g\u00f6r gott varje dag, \u00f6verallt och f\u00f6r alla. Kombinationen av idrott och atleter inspirerar miljontals m\u00e4nniskor, v\u00e4cker k\u00e4nslor och bygger gemenskaper \u00f6ver hela v\u00e4rlden. Det \u00e4r bra att vara en del av idrotten.\" \/>\n<meta property=\"og:url\" content=\"https:\/\/hakansonunited.se\/sv\/creative-sport-agency\/\" \/>\n<meta property=\"og:site_name\" content=\"H\u00e5kanson United\" \/>\n<meta property=\"article:publisher\" content=\"https:\/\/www.facebook.com\/HakansonUnited\/\" \/>\n<meta property=\"article:modified_time\" content=\"2025-03-25T15:05:29+00:00\" \/>\n<meta property=\"og:image\" content=\"https:\/\/hakansonunited.se\/wp-content\/uploads\/2023\/01\/video-still-startsida-creative-agency-placeholder.jpg\" \/>\n\t<meta property=\"og:image:width\" content=\"1024\" \/>\n\t<meta property=\"og:image:height\" content=\"576\" \/>\n\t<meta property=\"og:image:type\" content=\"image\/jpeg\" \/>\n<meta name=\"twitter:card\" content=\"summary_large_image\" \/>\n<meta name=\"twitter:label1\" content=\"Ber\u00e4knad l\u00e4stid\" \/>\n\t<meta name=\"twitter:data1\" content=\"1 minut\" \/>\n<script type=\"application\/ld+json\" class=\"yoast-schema-graph\">{\"@context\":\"https:\\\/\\\/schema.org\",\"@graph\":[{\"@type\":\"WebPage\",\"@id\":\"https:\\\/\\\/hakansonunited.se\\\/sv\\\/creative-sport-agency\\\/\",\"url\":\"https:\\\/\\\/hakansonunited.se\\\/sv\\\/creative-sport-agency\\\/\",\"name\":\"The Creative Sport Agency - H\u00e5kanson United\",\"isPartOf\":{\"@id\":\"https:\\\/\\\/hakansonunited.se\\\/sv\\\/#website\"},\"primaryImageOfPage\":{\"@id\":\"https:\\\/\\\/hakansonunited.se\\\/sv\\\/creative-sport-agency\\\/#primaryimage\"},\"image\":{\"@id\":\"https:\\\/\\\/hakansonunited.se\\\/sv\\\/creative-sport-agency\\\/#primaryimage\"},\"thumbnailUrl\":\"https:\\\/\\\/hakansonunited.se\\\/wp-content\\\/uploads\\\/2023\\\/01\\\/video-still-startsida-creative-agency-placeholder.jpg\",\"datePublished\":\"2022-12-20T14:31:19+00:00\",\"dateModified\":\"2025-03-25T15:05:29+00:00\",\"breadcrumb\":{\"@id\":\"https:\\\/\\\/hakansonunited.se\\\/sv\\\/creative-sport-agency\\\/#breadcrumb\"},\"inLanguage\":\"sv-SE\",\"potentialAction\":[{\"@type\":\"ReadAction\",\"target\":[\"https:\\\/\\\/hakansonunited.se\\\/sv\\\/creative-sport-agency\\\/\"]}]},{\"@type\":\"ImageObject\",\"inLanguage\":\"sv-SE\",\"@id\":\"https:\\\/\\\/hakansonunited.se\\\/sv\\\/creative-sport-agency\\\/#primaryimage\",\"url\":\"https:\\\/\\\/hakansonunited.se\\\/wp-content\\\/uploads\\\/2023\\\/01\\\/video-still-startsida-creative-agency-placeholder.jpg\",\"contentUrl\":\"https:\\\/\\\/hakansonunited.se\\\/wp-content\\\/uploads\\\/2023\\\/01\\\/video-still-startsida-creative-agency-placeholder.jpg\"},{\"@type\":\"BreadcrumbList\",\"@id\":\"https:\\\/\\\/hakansonunited.se\\\/sv\\\/creative-sport-agency\\\/#breadcrumb\",\"itemListElement\":[{\"@type\":\"ListItem\",\"position\":1,\"name\":\"Home\",\"item\":\"https:\\\/\\\/hakansonunited.se\\\/sv\\\/\"},{\"@type\":\"ListItem\",\"position\":2,\"name\":\"The Creative Sport Agency\"}]},{\"@type\":\"WebSite\",\"@id\":\"https:\\\/\\\/hakansonunited.se\\\/sv\\\/#website\",\"url\":\"https:\\\/\\\/hakansonunited.se\\\/sv\\\/\",\"name\":\"H\u00e5kanson United\",\"description\":\"We help brands do well by doing good\",\"publisher\":{\"@id\":\"https:\\\/\\\/hakansonunited.se\\\/sv\\\/#organization\"},\"potentialAction\":[{\"@type\":\"SearchAction\",\"target\":{\"@type\":\"EntryPoint\",\"urlTemplate\":\"https:\\\/\\\/hakansonunited.se\\\/sv\\\/?s={search_term_string}\"},\"query-input\":{\"@type\":\"PropertyValueSpecification\",\"valueRequired\":true,\"valueName\":\"search_term_string\"}}],\"inLanguage\":\"sv-SE\"},{\"@type\":\"Organization\",\"@id\":\"https:\\\/\\\/hakansonunited.se\\\/sv\\\/#organization\",\"name\":\"H\u00e5kanson United\",\"url\":\"https:\\\/\\\/hakansonunited.se\\\/sv\\\/\",\"logo\":{\"@type\":\"ImageObject\",\"inLanguage\":\"sv-SE\",\"@id\":\"https:\\\/\\\/hakansonunited.se\\\/sv\\\/#\\\/schema\\\/logo\\\/image\\\/\",\"url\":\"https:\\\/\\\/hakansonunited.se\\\/wp-content\\\/uploads\\\/2023\\\/01\\\/hakanson-united-logo.png\",\"contentUrl\":\"https:\\\/\\\/hakansonunited.se\\\/wp-content\\\/uploads\\\/2023\\\/01\\\/hakanson-united-logo.png\",\"width\":300,\"height\":116,\"caption\":\"H\u00e5kanson United\"},\"image\":{\"@id\":\"https:\\\/\\\/hakansonunited.se\\\/sv\\\/#\\\/schema\\\/logo\\\/image\\\/\"},\"sameAs\":[\"https:\\\/\\\/www.facebook.com\\\/HakansonUnited\\\/\"]}]}<\/script>\n<!-- \/ Yoast SEO plugin. -->","yoast_head_json":{"title":"The Creative Sport Agency - H\u00e5kanson United","robots":{"index":"index","follow":"follow","max-snippet":"max-snippet:-1","max-image-preview":"max-image-preview:large","max-video-preview":"max-video-preview:-1"},"canonical":"https:\/\/hakansonunited.se\/sv\/creative-sport-agency\/","og_locale":"sv_SE","og_type":"article","og_title":"The Creative Sport Agency - H\u00e5kanson United","og_description":"The Creative Sport Agency Vi tror p\u00e5 kraften i idrott eftersom idrott g\u00f6r gott varje dag, \u00f6verallt och f\u00f6r alla. Kombinationen av idrott och atleter inspirerar miljontals m\u00e4nniskor, v\u00e4cker k\u00e4nslor och bygger gemenskaper \u00f6ver hela v\u00e4rlden. Det \u00e4r bra att vara en del av idrotten.","og_url":"https:\/\/hakansonunited.se\/sv\/creative-sport-agency\/","og_site_name":"H\u00e5kanson United","article_publisher":"https:\/\/www.facebook.com\/HakansonUnited\/","article_modified_time":"2025-03-25T15:05:29+00:00","og_image":[{"width":1024,"height":576,"url":"https:\/\/hakansonunited.se\/wp-content\/uploads\/2023\/01\/video-still-startsida-creative-agency-placeholder.jpg","type":"image\/jpeg"}],"twitter_card":"summary_large_image","twitter_misc":{"Ber\u00e4knad l\u00e4stid":"1 minut"},"schema":{"@context":"https:\/\/schema.org","@graph":[{"@type":"WebPage","@id":"https:\/\/hakansonunited.se\/sv\/creative-sport-agency\/","url":"https:\/\/hakansonunited.se\/sv\/creative-sport-agency\/","name":"The Creative Sport Agency - H\u00e5kanson United","isPartOf":{"@id":"https:\/\/hakansonunited.se\/sv\/#website"},"primaryImageOfPage":{"@id":"https:\/\/hakansonunited.se\/sv\/creative-sport-agency\/#primaryimage"},"image":{"@id":"https:\/\/hakansonunited.se\/sv\/creative-sport-agency\/#primaryimage"},"thumbnailUrl":"https:\/\/hakansonunited.se\/wp-content\/uploads\/2023\/01\/video-still-startsida-creative-agency-placeholder.jpg","datePublished":"2022-12-20T14:31:19+00:00","dateModified":"2025-03-25T15:05:29+00:00","breadcrumb":{"@id":"https:\/\/hakansonunited.se\/sv\/creative-sport-agency\/#breadcrumb"},"inLanguage":"sv-SE","potentialAction":[{"@type":"ReadAction","target":["https:\/\/hakansonunited.se\/sv\/creative-sport-agency\/"]}]},{"@type":"ImageObject","inLanguage":"sv-SE","@id":"https:\/\/hakansonunited.se\/sv\/creative-sport-agency\/#primaryimage","url":"https:\/\/hakansonunited.se\/wp-content\/uploads\/2023\/01\/video-still-startsida-creative-agency-placeholder.jpg","contentUrl":"https:\/\/hakansonunited.se\/wp-content\/uploads\/2023\/01\/video-still-startsida-creative-agency-placeholder.jpg"},{"@type":"BreadcrumbList","@id":"https:\/\/hakansonunited.se\/sv\/creative-sport-agency\/#breadcrumb","itemListElement":[{"@type":"ListItem","position":1,"name":"Home","item":"https:\/\/hakansonunited.se\/sv\/"},{"@type":"ListItem","position":2,"name":"The Creative Sport Agency"}]},{"@type":"WebSite","@id":"https:\/\/hakansonunited.se\/sv\/#website","url":"https:\/\/hakansonunited.se\/sv\/","name":"H\u00e5kanson United","description":"We help brands do well by doing good","publisher":{"@id":"https:\/\/hakansonunited.se\/sv\/#organization"},"potentialAction":[{"@type":"SearchAction","target":{"@type":"EntryPoint","urlTemplate":"https:\/\/hakansonunited.se\/sv\/?s={search_term_string}"},"query-input":{"@type":"PropertyValueSpecification","valueRequired":true,"valueName":"search_term_string"}}],"inLanguage":"sv-SE"},{"@type":"Organization","@id":"https:\/\/hakansonunited.se\/sv\/#organization","name":"H\u00e5kanson United","url":"https:\/\/hakansonunited.se\/sv\/","logo":{"@type":"ImageObject","inLanguage":"sv-SE","@id":"https:\/\/hakansonunited.se\/sv\/#\/schema\/logo\/image\/","url":"https:\/\/hakansonunited.se\/wp-content\/uploads\/2023\/01\/hakanson-united-logo.png","contentUrl":"https:\/\/hakansonunited.se\/wp-content\/uploads\/2023\/01\/hakanson-united-logo.png","width":300,"height":116,"caption":"H\u00e5kanson United"},"image":{"@id":"https:\/\/hakansonunited.se\/sv\/#\/schema\/logo\/image\/"},"sameAs":["https:\/\/www.facebook.com\/HakansonUnited\/"]}]}},"_links":{"self":[{"href":"https:\/\/hakansonunited.se\/sv\/wp-json\/wp\/v2\/pages\/1907","targetHints":{"allow":["GET"]}}],"collection":[{"href":"https:\/\/hakansonunited.se\/sv\/wp-json\/wp\/v2\/pages"}],"about":[{"href":"https:\/\/hakansonunited.se\/sv\/wp-json\/wp\/v2\/types\/page"}],"author":[{"embeddable":true,"href":"https:\/\/hakansonunited.se\/sv\/wp-json\/wp\/v2\/users\/2"}],"replies":[{"embeddable":true,"href":"https:\/\/hakansonunited.se\/sv\/wp-json\/wp\/v2\/comments?post=1907"}],"version-history":[{"count":7,"href":"https:\/\/hakansonunited.se\/sv\/wp-json\/wp\/v2\/pages\/1907\/revisions"}],"predecessor-version":[{"id":2048,"href":"https:\/\/hakansonunited.se\/sv\/wp-json\/wp\/v2\/pages\/1907\/revisions\/2048"}],"wp:attachment":[{"href":"https:\/\/hakansonunited.se\/sv\/wp-json\/wp\/v2\/media?parent=1907"}],"curies":[{"name":"wp","href":"https:\/\/api.w.org\/{rel}","templated":true}]}}