{"id":1878,"date":"2023-01-02T13:35:01","date_gmt":"2023-01-02T12:35:01","guid":{"rendered":"https:\/\/hakansonunited.se\/nil-name-image-likeness\/"},"modified":"2025-02-12T10:23:28","modified_gmt":"2025-02-12T09:23:28","slug":"nil-name-image-likeness","status":"publish","type":"page","link":"https:\/\/hakansonunited.se\/sv\/nil-name-image-likeness\/","title":{"rendered":"NIL: Name, Image, Likeness"},"content":{"rendered":"\n<div style=\"height:100px\" aria-hidden=\"true\" class=\"wp-block-spacer\"><\/div>\n\n<h2 class=\"has-text-align-center wp-block-heading\">VAD \u00c4R NIL?<\/h2>\n\n<p class=\"has-text-align-center\">NIL, eller Name, Image, Likeness, \u00e4r en m\u00f6jlighet f\u00f6r college-idrottare att anv\u00e4nda sitt personliga varum\u00e4rke f\u00f6r marknadsf\u00f6ring, kampanjer och samarbeten och f\u00e5 ekonomisk kompensation f\u00f6r det. NIL-deals \u00e4r ett samarbete mellan ett NIL-kollektiv knutet till universitetet och idrottaren. <\/p>\n\n<div style=\"height:4rem\" aria-hidden=\"true\" class=\"wp-block-spacer\"><\/div>\n\n<h2 class=\"has-text-align-center wp-block-heading\">NIL Europa<\/h2>\n\n<p class=\"has-text-align-center\">Om du \u00e4r en europeisk idrottare som g\u00e5r p\u00e5 college i USA kan vi hj\u00e4lpa dig att utnyttja NIL-m\u00f6jligheten, som nu \u00e4ven \u00e4r tillg\u00e4nglig f\u00f6r europeiska collegestudenter. Vi kommer att vara din h\u00f6gra hand n\u00e4r det g\u00e4ller NIL-representation, personligt varum\u00e4rke och samarbeten under din college-karri\u00e4r. Medan du fokuserar fullt ut p\u00e5 din sport hj\u00e4lper vi dig att bygga ditt varum\u00e4rke och se till att du f\u00e5r den ers\u00e4ttning du f\u00f6rtj\u00e4nar.  <\/p>\n\n<div style=\"height:4rem\" aria-hidden=\"true\" class=\"wp-block-spacer\"><\/div>\n\n<figure class=\"wp-block-image size-large\"><img loading=\"lazy\" decoding=\"async\" width=\"1024\" height=\"576\" src=\"\/wp-content\/uploads\/2023\/01\/nil-name-image-likeness-header-3-webb-1024x576.jpg\" alt=\"NIL, Name Image Likeness\" class=\"wp-image-978\" srcset=\"https:\/\/hakansonunited.se\/wp-content\/uploads\/2023\/01\/nil-name-image-likeness-header-3-webb-1024x576.jpg 1024w, https:\/\/hakansonunited.se\/wp-content\/uploads\/2023\/01\/nil-name-image-likeness-header-3-webb-300x169.jpg 300w, https:\/\/hakansonunited.se\/wp-content\/uploads\/2023\/01\/nil-name-image-likeness-header-3-webb-768x432.jpg 768w, https:\/\/hakansonunited.se\/wp-content\/uploads\/2023\/01\/nil-name-image-likeness-header-3-webb-1536x864.jpg 1536w, https:\/\/hakansonunited.se\/wp-content\/uploads\/2023\/01\/nil-name-image-likeness-header-3-webb-500x281.jpg 500w, https:\/\/hakansonunited.se\/wp-content\/uploads\/2023\/01\/nil-name-image-likeness-header-3-webb-800x450.jpg 800w, https:\/\/hakansonunited.se\/wp-content\/uploads\/2023\/01\/nil-name-image-likeness-header-3-webb-1280x720.jpg 1280w, https:\/\/hakansonunited.se\/wp-content\/uploads\/2023\/01\/nil-name-image-likeness-header-3-webb-1920x1080.jpg 1920w, https:\/\/hakansonunited.se\/wp-content\/uploads\/2023\/01\/nil-name-image-likeness-header-3-webb-1170x658.jpg 1170w, https:\/\/hakansonunited.se\/wp-content\/uploads\/2023\/01\/nil-name-image-likeness-header-3-webb.jpg 2048w\" sizes=\"auto, (max-width: 1024px) 100vw, 1024px\" \/><\/figure>\n\n<h2 class=\"has-text-align-center wp-block-heading\">Hur kan vi hj\u00e4lpa atleter?<\/h2>\n\n<p class=\"has-text-align-center\">Vi hj\u00e4lper dig att f\u00f6rhandla med ditt college och f\u00f6rs\u00e4krar dig om att kontrakten \u00e4r f\u00f6rdelaktiga f\u00f6r dig, samt att dom \u00e4r i enlighet med skolornas och NCAA:s regler. Vi \u00e4r ocks\u00e5 ett team av kreativa medarbetare med l\u00e5ng erfarenhet av att hj\u00e4lpa idrottare med deras personliga varum\u00e4rke, sponsring och ambassad\u00f6rskap. L\u00e5t oss d\u00e4rf\u00f6r st\u00e4rka din NIL!  <\/p>\n\n<div style=\"height:2rem\" aria-hidden=\"true\" class=\"wp-block-spacer\"><\/div>\n\n<div class=\"wp-block-group alignwide is-style-default is-horizontal is-content-justification-center is-layout-flex wp-container-core-group-is-layout-9cc118d8 wp-block-group-is-layout-flex\" style=\"border-style:none;border-width:0px;border-radius:0px;padding-top:0;padding-right:0;padding-bottom:0;padding-left:0\">\n<div class=\"wp-block-group is-nowrap is-layout-flex wp-container-core-group-is-layout-ad2f72ca wp-block-group-is-layout-flex\"><svg class=\"text-circle aligncenter\" viewBox=\"0 0 100 100\">\n    <circle r=\"48\" cx=\"50\" cy=\"50\" style=\"fill:#262D58;\"\/>\n    <foreignObject id=\"text\" width=\"100\" height=\"100\">\n        <div class=\"shape shape-left\"><\/div>\n        <div class=\"shape shape-right\"><\/div>\n        <div class=\"text\">\n            <h3 style=\"color:white;\">Administration<\/h3>\n            <p style=\"color:white;\">We help with all administration needed to profit from your NIL. E.g. starting your own company and contracts.\n<\/p>\n        <\/div> \n    <\/foreignObject>\n<\/svg><\/div>\n\n\n\n<div class=\"wp-block-group is-nowrap is-layout-flex wp-container-core-group-is-layout-ad2f72ca wp-block-group-is-layout-flex\"><svg class=\"text-circle aligncenter\" viewBox=\"0 0 100 100\">\n    <circle r=\"48\" cx=\"50\" cy=\"50\" style=\"fill:#262D58;\"\/>\n    <foreignObject id=\"text\" width=\"100\" height=\"100\">\n        <div class=\"shape shape-left\"><\/div>\n        <div class=\"shape shape-right\"><\/div>\n        <div class=\"text\">\n            <h3 style=\"color:white;\">Brand identity<\/h3>\n            <p style=\"color:white;\">Together, we will build your personal brand based on your personal values and passion.\n<\/p>\n        <\/div> \n    <\/foreignObject>\n<\/svg><\/div>\n\n\n\n<div class=\"wp-block-group is-nowrap is-layout-flex wp-container-core-group-is-layout-ad2f72ca wp-block-group-is-layout-flex\"><svg class=\"text-circle aligncenter\" viewBox=\"0 0 100 100\">\n    <circle r=\"48\" cx=\"50\" cy=\"50\" style=\"fill:#262D58;\"\/>\n    <foreignObject id=\"text\" width=\"100\" height=\"100\">\n        <div class=\"shape shape-left\"><\/div>\n        <div class=\"shape shape-right\"><\/div>\n        <div class=\"text\">\n            <h3 style=\"color:white;\">Sponsorship<\/h3>\n            <p style=\"color:white;\">We connect you with NIL Collectives and relevant businesses, as well as assist in fulfilling your end of the deal.\n<\/p>\n        <\/div> \n    <\/foreignObject>\n<\/svg><\/div>\n\n\n\n<div class=\"wp-block-group is-nowrap is-layout-flex wp-container-core-group-is-layout-ad2f72ca wp-block-group-is-layout-flex\"><svg class=\"text-circle aligncenter\" viewBox=\"0 0 100 100\">\n    <circle r=\"48\" cx=\"50\" cy=\"50\" style=\"fill:#262D58;\"\/>\n    <foreignObject id=\"text\" width=\"100\" height=\"100\">\n        <div class=\"shape shape-left\"><\/div>\n        <div class=\"shape shape-right\"><\/div>\n        <div class=\"text\">\n            <h3 style=\"color:white;\">Social media   and PR<\/h3>\n            <p style=\"color:white;\">We create attraction to your channels, and PR around you and your collaborations. \n<\/p>\n        <\/div> \n    <\/foreignObject>\n<\/svg><\/div>\n\n\n\n<div class=\"wp-block-group is-nowrap is-layout-flex wp-container-core-group-is-layout-ad2f72ca wp-block-group-is-layout-flex\"><svg class=\"text-circle aligncenter\" viewBox=\"0 0 100 100\">\n    <circle r=\"48\" cx=\"50\" cy=\"50\" style=\"fill:#262D58;\"\/>\n    <foreignObject id=\"text\" width=\"100\" height=\"100\">\n        <div class=\"shape shape-left\"><\/div>\n        <div class=\"shape shape-right\"><\/div>\n        <div class=\"text\">\n            <h3 style=\"color:white;\">Concept<\/h3>\n            <p style=\"color:white;\">Together, we create concepts that build your brand and the buzz around you! E.g. sport camps, or campaigns.\n<\/p>\n        <\/div> \n    <\/foreignObject>\n<\/svg><\/div>\n\n\n\n<div class=\"wp-block-group is-nowrap is-layout-flex wp-container-core-group-is-layout-ad2f72ca wp-block-group-is-layout-flex\"><\/div>\n\n\n\n<div class=\"wp-block-group is-nowrap is-layout-flex wp-container-core-group-is-layout-ad2f72ca wp-block-group-is-layout-flex\"><svg class=\"text-circle aligncenter\" viewBox=\"0 0 100 100\">\n    <circle r=\"48\" cx=\"50\" cy=\"50\" style=\"fill:#262D58;\"\/>\n    <foreignObject id=\"text\" width=\"100\" height=\"100\">\n        <div class=\"shape shape-left\"><\/div>\n        <div class=\"shape shape-right\"><\/div>\n        <div class=\"text\">\n            <h3 style=\"color:white;\">Activation<\/h3>\n            <p style=\"color:white;\">We create engaging content and \u201calways on activations\u201d to assure you are always top of mind.\n<\/p>\n        <\/div> \n    <\/foreignObject>\n<\/svg><\/div>\n<\/div>\n\n<div style=\"height:6rem\" aria-hidden=\"true\" class=\"wp-block-spacer\"><\/div>\n\n<h2 class=\"has-text-align-center wp-block-heading\">NIL KOLLEKTIV OCH PARTNERS<\/h2>\n\n<p class=\"has-text-align-center\">Med v\u00e5r l\u00e5nga erfarenhet av marknadsf\u00f6ring och sponsring kan vi f\u00e5 ditt ambassad\u00f6rskap med college-idrottare att sticka ut och bli l\u00f6nsamt i Europa.<br\/><br\/>\u00c4r du ett NIL-kollektiv eller f\u00f6retag som vill st\u00f6dja och arbeta med en europeisk college-idrottare? Kontakta oss! Vi hj\u00e4lper dig med kreativ aktivering och kampanjer i Europa.  <\/p>\n\n<div style=\"height:4rem\" aria-hidden=\"true\" class=\"wp-block-spacer\"><\/div>\n\n<h2 class=\"has-text-align-center wp-block-heading\">TA KONTAKT<\/h2>\n\n<p class=\"has-text-align-center\">Vill du veta mer om hur vi kan hj\u00e4lpa dig att f\u00f6rsegla dessa NIL-aff\u00e4rer? Kontakta Olle H\u00e5kanson, v\u00e5r talangchef med +20 \u00e5rs erfarenhet fr\u00e5n kommersiell sport. <\/p>\n\n<p class=\"has-text-align-center\"><a href=\"mailto:olle@hakanson-united.se\">olle@hakanson-united.se<\/a><br\/>+46 70 444 35 47<\/p>\n\n<div class=\"wp-block-buttons is-content-justification-center is-layout-flex wp-container-core-buttons-is-layout-16018d1d wp-block-buttons-is-layout-flex\">\n<div class=\"wp-block-button\"><a class=\"wp-block-button__link has-background-color has-quaternary-background-color has-text-color has-background wp-element-button\" href=\"https:\/\/hakansonunited.se\/sv\/kontakt\/\">Fler kontaktuppgifter<\/a><\/div>\n<\/div>\n","protected":false},"excerpt":{"rendered":"<p>VAD \u00c4R NIL? NIL, eller Name, Image, Likeness, \u00e4r en m\u00f6jlighet f\u00f6r college-idrottare att anv\u00e4nda sitt personliga varum\u00e4rke f\u00f6r marknadsf\u00f6ring, kampanjer och samarbeten och f\u00e5 ekonomisk kompensation f\u00f6r det. NIL-deals \u00e4r ett samarbete mellan ett NIL-kollektiv knutet till universitetet och idrottaren. NIL Europa Om du \u00e4r en europeisk idrottare som g\u00e5r p\u00e5 college i USA [&hellip;]<\/p>\n","protected":false},"author":2,"featured_media":1672,"parent":0,"menu_order":0,"comment_status":"closed","ping_status":"closed","template":"","meta":{"inline_featured_image":false,"footnotes":""},"class_list":["post-1878","page","type-page","status-publish","has-post-thumbnail","hentry"],"yoast_head":"<!-- This site is optimized with the Yoast SEO plugin v27.3 - https:\/\/yoast.com\/product\/yoast-seo-wordpress\/ -->\n<title>NIL: Name, Image, Likeness - H\u00e5kanson United<\/title>\n<meta name=\"robots\" content=\"index, follow, max-snippet:-1, max-image-preview:large, max-video-preview:-1\" \/>\n<link rel=\"canonical\" href=\"https:\/\/hakansonunited.se\/sv\/nil-name-image-likeness\/\" \/>\n<meta property=\"og:locale\" content=\"sv_SE\" \/>\n<meta property=\"og:type\" content=\"article\" \/>\n<meta property=\"og:title\" content=\"NIL: Name, Image, Likeness - H\u00e5kanson United\" \/>\n<meta property=\"og:description\" content=\"VAD \u00c4R NIL? NIL, eller Name, Image, Likeness, \u00e4r en m\u00f6jlighet f\u00f6r college-idrottare att anv\u00e4nda sitt personliga varum\u00e4rke f\u00f6r marknadsf\u00f6ring, kampanjer och samarbeten och f\u00e5 ekonomisk kompensation f\u00f6r det. NIL-deals \u00e4r ett samarbete mellan ett NIL-kollektiv knutet till universitetet och idrottaren. NIL Europa Om du \u00e4r en europeisk idrottare som g\u00e5r p\u00e5 college i USA [&hellip;]\" \/>\n<meta property=\"og:url\" content=\"https:\/\/hakansonunited.se\/sv\/nil-name-image-likeness\/\" \/>\n<meta property=\"og:site_name\" content=\"H\u00e5kanson United\" \/>\n<meta property=\"article:publisher\" content=\"https:\/\/www.facebook.com\/HakansonUnited\/\" \/>\n<meta property=\"article:modified_time\" content=\"2025-02-12T09:23:28+00:00\" \/>\n<meta property=\"og:image\" content=\"https:\/\/hakansonunited.se\/wp-content\/uploads\/2023\/01\/nil-name-image-likeness-header-2-webb.jpg\" \/>\n\t<meta property=\"og:image:width\" content=\"2048\" \/>\n\t<meta property=\"og:image:height\" content=\"1152\" \/>\n\t<meta property=\"og:image:type\" content=\"image\/jpeg\" \/>\n<meta name=\"twitter:card\" content=\"summary_large_image\" \/>\n<meta name=\"twitter:label1\" content=\"Ber\u00e4knad l\u00e4stid\" \/>\n\t<meta name=\"twitter:data1\" content=\"2 minuter\" \/>\n<script type=\"application\/ld+json\" class=\"yoast-schema-graph\">{\"@context\":\"https:\\\/\\\/schema.org\",\"@graph\":[{\"@type\":\"WebPage\",\"@id\":\"https:\\\/\\\/hakansonunited.se\\\/sv\\\/nil-name-image-likeness\\\/\",\"url\":\"https:\\\/\\\/hakansonunited.se\\\/sv\\\/nil-name-image-likeness\\\/\",\"name\":\"NIL: Name, Image, Likeness - H\u00e5kanson United\",\"isPartOf\":{\"@id\":\"https:\\\/\\\/hakansonunited.se\\\/sv\\\/#website\"},\"primaryImageOfPage\":{\"@id\":\"https:\\\/\\\/hakansonunited.se\\\/sv\\\/nil-name-image-likeness\\\/#primaryimage\"},\"image\":{\"@id\":\"https:\\\/\\\/hakansonunited.se\\\/sv\\\/nil-name-image-likeness\\\/#primaryimage\"},\"thumbnailUrl\":\"https:\\\/\\\/hakansonunited.se\\\/wp-content\\\/uploads\\\/2023\\\/01\\\/nil-name-image-likeness-header-2-webb.jpg\",\"datePublished\":\"2023-01-02T12:35:01+00:00\",\"dateModified\":\"2025-02-12T09:23:28+00:00\",\"breadcrumb\":{\"@id\":\"https:\\\/\\\/hakansonunited.se\\\/sv\\\/nil-name-image-likeness\\\/#breadcrumb\"},\"inLanguage\":\"sv-SE\",\"potentialAction\":[{\"@type\":\"ReadAction\",\"target\":[\"https:\\\/\\\/hakansonunited.se\\\/sv\\\/nil-name-image-likeness\\\/\"]}]},{\"@type\":\"ImageObject\",\"inLanguage\":\"sv-SE\",\"@id\":\"https:\\\/\\\/hakansonunited.se\\\/sv\\\/nil-name-image-likeness\\\/#primaryimage\",\"url\":\"https:\\\/\\\/hakansonunited.se\\\/wp-content\\\/uploads\\\/2023\\\/01\\\/nil-name-image-likeness-header-2-webb.jpg\",\"contentUrl\":\"https:\\\/\\\/hakansonunited.se\\\/wp-content\\\/uploads\\\/2023\\\/01\\\/nil-name-image-likeness-header-2-webb.jpg\",\"width\":2048,\"height\":1152},{\"@type\":\"BreadcrumbList\",\"@id\":\"https:\\\/\\\/hakansonunited.se\\\/sv\\\/nil-name-image-likeness\\\/#breadcrumb\",\"itemListElement\":[{\"@type\":\"ListItem\",\"position\":1,\"name\":\"Home\",\"item\":\"https:\\\/\\\/hakansonunited.se\\\/sv\\\/\"},{\"@type\":\"ListItem\",\"position\":2,\"name\":\"NIL: Name, Image, Likeness\"}]},{\"@type\":\"WebSite\",\"@id\":\"https:\\\/\\\/hakansonunited.se\\\/sv\\\/#website\",\"url\":\"https:\\\/\\\/hakansonunited.se\\\/sv\\\/\",\"name\":\"H\u00e5kanson United\",\"description\":\"We help brands do well by doing good\",\"publisher\":{\"@id\":\"https:\\\/\\\/hakansonunited.se\\\/sv\\\/#organization\"},\"potentialAction\":[{\"@type\":\"SearchAction\",\"target\":{\"@type\":\"EntryPoint\",\"urlTemplate\":\"https:\\\/\\\/hakansonunited.se\\\/sv\\\/?s={search_term_string}\"},\"query-input\":{\"@type\":\"PropertyValueSpecification\",\"valueRequired\":true,\"valueName\":\"search_term_string\"}}],\"inLanguage\":\"sv-SE\"},{\"@type\":\"Organization\",\"@id\":\"https:\\\/\\\/hakansonunited.se\\\/sv\\\/#organization\",\"name\":\"H\u00e5kanson United\",\"url\":\"https:\\\/\\\/hakansonunited.se\\\/sv\\\/\",\"logo\":{\"@type\":\"ImageObject\",\"inLanguage\":\"sv-SE\",\"@id\":\"https:\\\/\\\/hakansonunited.se\\\/sv\\\/#\\\/schema\\\/logo\\\/image\\\/\",\"url\":\"https:\\\/\\\/hakansonunited.se\\\/wp-content\\\/uploads\\\/2023\\\/01\\\/hakanson-united-logo.png\",\"contentUrl\":\"https:\\\/\\\/hakansonunited.se\\\/wp-content\\\/uploads\\\/2023\\\/01\\\/hakanson-united-logo.png\",\"width\":300,\"height\":116,\"caption\":\"H\u00e5kanson United\"},\"image\":{\"@id\":\"https:\\\/\\\/hakansonunited.se\\\/sv\\\/#\\\/schema\\\/logo\\\/image\\\/\"},\"sameAs\":[\"https:\\\/\\\/www.facebook.com\\\/HakansonUnited\\\/\"]}]}<\/script>\n<!-- \/ Yoast SEO plugin. -->","yoast_head_json":{"title":"NIL: Name, Image, Likeness - H\u00e5kanson United","robots":{"index":"index","follow":"follow","max-snippet":"max-snippet:-1","max-image-preview":"max-image-preview:large","max-video-preview":"max-video-preview:-1"},"canonical":"https:\/\/hakansonunited.se\/sv\/nil-name-image-likeness\/","og_locale":"sv_SE","og_type":"article","og_title":"NIL: Name, Image, Likeness - H\u00e5kanson United","og_description":"VAD \u00c4R NIL? NIL, eller Name, Image, Likeness, \u00e4r en m\u00f6jlighet f\u00f6r college-idrottare att anv\u00e4nda sitt personliga varum\u00e4rke f\u00f6r marknadsf\u00f6ring, kampanjer och samarbeten och f\u00e5 ekonomisk kompensation f\u00f6r det. NIL-deals \u00e4r ett samarbete mellan ett NIL-kollektiv knutet till universitetet och idrottaren. NIL Europa Om du \u00e4r en europeisk idrottare som g\u00e5r p\u00e5 college i USA [&hellip;]","og_url":"https:\/\/hakansonunited.se\/sv\/nil-name-image-likeness\/","og_site_name":"H\u00e5kanson United","article_publisher":"https:\/\/www.facebook.com\/HakansonUnited\/","article_modified_time":"2025-02-12T09:23:28+00:00","og_image":[{"width":2048,"height":1152,"url":"https:\/\/hakansonunited.se\/wp-content\/uploads\/2023\/01\/nil-name-image-likeness-header-2-webb.jpg","type":"image\/jpeg"}],"twitter_card":"summary_large_image","twitter_misc":{"Ber\u00e4knad l\u00e4stid":"2 minuter"},"schema":{"@context":"https:\/\/schema.org","@graph":[{"@type":"WebPage","@id":"https:\/\/hakansonunited.se\/sv\/nil-name-image-likeness\/","url":"https:\/\/hakansonunited.se\/sv\/nil-name-image-likeness\/","name":"NIL: Name, Image, Likeness - H\u00e5kanson United","isPartOf":{"@id":"https:\/\/hakansonunited.se\/sv\/#website"},"primaryImageOfPage":{"@id":"https:\/\/hakansonunited.se\/sv\/nil-name-image-likeness\/#primaryimage"},"image":{"@id":"https:\/\/hakansonunited.se\/sv\/nil-name-image-likeness\/#primaryimage"},"thumbnailUrl":"https:\/\/hakansonunited.se\/wp-content\/uploads\/2023\/01\/nil-name-image-likeness-header-2-webb.jpg","datePublished":"2023-01-02T12:35:01+00:00","dateModified":"2025-02-12T09:23:28+00:00","breadcrumb":{"@id":"https:\/\/hakansonunited.se\/sv\/nil-name-image-likeness\/#breadcrumb"},"inLanguage":"sv-SE","potentialAction":[{"@type":"ReadAction","target":["https:\/\/hakansonunited.se\/sv\/nil-name-image-likeness\/"]}]},{"@type":"ImageObject","inLanguage":"sv-SE","@id":"https:\/\/hakansonunited.se\/sv\/nil-name-image-likeness\/#primaryimage","url":"https:\/\/hakansonunited.se\/wp-content\/uploads\/2023\/01\/nil-name-image-likeness-header-2-webb.jpg","contentUrl":"https:\/\/hakansonunited.se\/wp-content\/uploads\/2023\/01\/nil-name-image-likeness-header-2-webb.jpg","width":2048,"height":1152},{"@type":"BreadcrumbList","@id":"https:\/\/hakansonunited.se\/sv\/nil-name-image-likeness\/#breadcrumb","itemListElement":[{"@type":"ListItem","position":1,"name":"Home","item":"https:\/\/hakansonunited.se\/sv\/"},{"@type":"ListItem","position":2,"name":"NIL: Name, Image, Likeness"}]},{"@type":"WebSite","@id":"https:\/\/hakansonunited.se\/sv\/#website","url":"https:\/\/hakansonunited.se\/sv\/","name":"H\u00e5kanson United","description":"We help brands do well by doing good","publisher":{"@id":"https:\/\/hakansonunited.se\/sv\/#organization"},"potentialAction":[{"@type":"SearchAction","target":{"@type":"EntryPoint","urlTemplate":"https:\/\/hakansonunited.se\/sv\/?s={search_term_string}"},"query-input":{"@type":"PropertyValueSpecification","valueRequired":true,"valueName":"search_term_string"}}],"inLanguage":"sv-SE"},{"@type":"Organization","@id":"https:\/\/hakansonunited.se\/sv\/#organization","name":"H\u00e5kanson United","url":"https:\/\/hakansonunited.se\/sv\/","logo":{"@type":"ImageObject","inLanguage":"sv-SE","@id":"https:\/\/hakansonunited.se\/sv\/#\/schema\/logo\/image\/","url":"https:\/\/hakansonunited.se\/wp-content\/uploads\/2023\/01\/hakanson-united-logo.png","contentUrl":"https:\/\/hakansonunited.se\/wp-content\/uploads\/2023\/01\/hakanson-united-logo.png","width":300,"height":116,"caption":"H\u00e5kanson United"},"image":{"@id":"https:\/\/hakansonunited.se\/sv\/#\/schema\/logo\/image\/"},"sameAs":["https:\/\/www.facebook.com\/HakansonUnited\/"]}]}},"_links":{"self":[{"href":"https:\/\/hakansonunited.se\/sv\/wp-json\/wp\/v2\/pages\/1878","targetHints":{"allow":["GET"]}}],"collection":[{"href":"https:\/\/hakansonunited.se\/sv\/wp-json\/wp\/v2\/pages"}],"about":[{"href":"https:\/\/hakansonunited.se\/sv\/wp-json\/wp\/v2\/types\/page"}],"author":[{"embeddable":true,"href":"https:\/\/hakansonunited.se\/sv\/wp-json\/wp\/v2\/users\/2"}],"replies":[{"embeddable":true,"href":"https:\/\/hakansonunited.se\/sv\/wp-json\/wp\/v2\/comments?post=1878"}],"version-history":[{"count":3,"href":"https:\/\/hakansonunited.se\/sv\/wp-json\/wp\/v2\/pages\/1878\/revisions"}],"predecessor-version":[{"id":2033,"href":"https:\/\/hakansonunited.se\/sv\/wp-json\/wp\/v2\/pages\/1878\/revisions\/2033"}],"wp:featuredmedia":[{"embeddable":true,"href":"https:\/\/hakansonunited.se\/sv\/wp-json\/wp\/v2\/media\/1672"}],"wp:attachment":[{"href":"https:\/\/hakansonunited.se\/sv\/wp-json\/wp\/v2\/media?parent=1878"}],"curies":[{"name":"wp","href":"https:\/\/api.w.org\/{rel}","templated":true}]}}