{"id":1829,"date":"2022-12-20T15:31:29","date_gmt":"2022-12-20T14:31:29","guid":{"rendered":"https:\/\/hakansonunited.se\/nil\/"},"modified":"2026-04-07T11:16:26","modified_gmt":"2026-04-07T09:16:26","slug":"nil","status":"publish","type":"page","link":"https:\/\/hakansonunited.se\/sv\/nil\/","title":{"rendered":"NIL"},"content":{"rendered":"\n<div style=\"height:100px\" aria-hidden=\"true\" class=\"wp-block-spacer\"><\/div>\n\n\n\n<section id=\"nil\" class=\"wp-block-group wp-block-section scroll-to alignfull is-content-justification-center is-nowrap is-layout-flex wp-container-core-group-is-layout-94bc23d7 wp-block-group-is-layout-flex\">\n<div class=\"wp-block-group is-layout-constrained wp-container-core-group-is-layout-8958b348 wp-block-group-is-layout-constrained\" style=\"margin-top:0;margin-bottom:0;padding-top:0;padding-right:0;padding-bottom:0;padding-left:0\">\n<p class=\"has-text-align-center\"><\/p>\n\n\n\n<div style=\"height:1em\" aria-hidden=\"true\" class=\"wp-block-spacer\"><\/div>\n\n\n\n<h2 class=\"wp-block-heading has-text-align-center\">Nil: NAME, IMAGE, LIKENESS<\/h2>\n\n\n\n<p class=\"has-text-align-center\">Hejsan! \u00c4r du en college-atlet fr\u00e5n Europa som undrar hur du ska bygga ditt namn och personliga varum\u00e4rke p\u00e5 b\u00e4sta s\u00e4tt? D\u00e5 har du hittat r\u00e4tt! Medan du fokuserar p\u00e5 din idrott bygger vi ditt personliga varum\u00e4rke och kopplar dig till NIL-n\u00e4tverk och sponsorer.<\/p>\n\n\n\n<ul class=\"wp-block-list dotlist alignwide\">\n<li>Administration<\/li>\n\n\n\n<li>Brand identity<\/li>\n\n\n\n<li>Sponsorship<\/li>\n\n\n\n<li>Social media<\/li>\n\n\n\n<li>PR<\/li>\n\n\n\n<li>Concept<\/li>\n\n\n\n<li>Activation<\/li>\n<\/ul>\n\n\n\n<p><\/p>\n\n\n\n<div class=\"wp-block-buttons is-content-justification-center is-layout-flex wp-container-core-buttons-is-layout-16018d1d wp-block-buttons-is-layout-flex\">\n<div class=\"wp-block-button is-style-ona-button-arrow-icon\"><a class=\"wp-block-button__link has-background-color has-quaternary-background-color has-text-color has-background wp-element-button\" href=\"https:\/\/hakansonunited.se\/sv\/nil-name-image-likeness\/\">L\u00e4s mer<\/a><\/div>\n<\/div>\n<\/div>\n<\/section>\n\n\n\n<div style=\"height:50px\" aria-hidden=\"true\" class=\"wp-block-spacer\"><\/div>\n","protected":false},"excerpt":{"rendered":"<p>Nil: NAME, IMAGE, LIKENESS Hejsan! \u00c4r du en college-atlet fr\u00e5n Europa som undrar hur du ska bygga ditt namn och personliga varum\u00e4rke p\u00e5 b\u00e4sta s\u00e4tt? D\u00e5 har du hittat r\u00e4tt! Medan du fokuserar p\u00e5 din idrott bygger vi ditt personliga varum\u00e4rke och kopplar dig till NIL-n\u00e4tverk och sponsorer.<\/p>\n","protected":false},"author":2,"featured_media":0,"parent":0,"menu_order":-1,"comment_status":"closed","ping_status":"closed","template":"","meta":{"inline_featured_image":false,"footnotes":""},"class_list":["post-1829","page","type-page","status-publish","hentry"],"yoast_head":"<!-- This site is optimized with the Yoast SEO plugin v27.3 - https:\/\/yoast.com\/product\/yoast-seo-wordpress\/ -->\n<title>NIL - H\u00e5kanson United<\/title>\n<meta name=\"robots\" content=\"index, follow, max-snippet:-1, max-image-preview:large, max-video-preview:-1\" \/>\n<link rel=\"canonical\" href=\"https:\/\/hakansonunited.se\/sv\/nil\/\" \/>\n<meta property=\"og:locale\" content=\"sv_SE\" \/>\n<meta property=\"og:type\" content=\"article\" \/>\n<meta property=\"og:title\" content=\"NIL - H\u00e5kanson United\" \/>\n<meta property=\"og:description\" content=\"Nil: NAME, IMAGE, LIKENESS Hejsan! \u00c4r du en college-atlet fr\u00e5n Europa som undrar hur du ska bygga ditt namn och personliga varum\u00e4rke p\u00e5 b\u00e4sta s\u00e4tt? D\u00e5 har du hittat r\u00e4tt! Medan du fokuserar p\u00e5 din idrott bygger vi ditt personliga varum\u00e4rke och kopplar dig till NIL-n\u00e4tverk och sponsorer.\" \/>\n<meta property=\"og:url\" content=\"https:\/\/hakansonunited.se\/sv\/nil\/\" \/>\n<meta property=\"og:site_name\" content=\"H\u00e5kanson United\" \/>\n<meta property=\"article:publisher\" content=\"https:\/\/www.facebook.com\/HakansonUnited\/\" \/>\n<meta property=\"article:modified_time\" content=\"2026-04-07T09:16:26+00:00\" \/>\n<meta name=\"twitter:card\" content=\"summary_large_image\" \/>\n<meta name=\"twitter:label1\" content=\"Ber\u00e4knad l\u00e4stid\" \/>\n\t<meta name=\"twitter:data1\" content=\"1 minut\" \/>\n<script type=\"application\/ld+json\" class=\"yoast-schema-graph\">{\"@context\":\"https:\\\/\\\/schema.org\",\"@graph\":[{\"@type\":\"WebPage\",\"@id\":\"https:\\\/\\\/hakansonunited.se\\\/sv\\\/nil\\\/\",\"url\":\"https:\\\/\\\/hakansonunited.se\\\/sv\\\/nil\\\/\",\"name\":\"NIL - H\u00e5kanson United\",\"isPartOf\":{\"@id\":\"https:\\\/\\\/hakansonunited.se\\\/sv\\\/#website\"},\"datePublished\":\"2022-12-20T14:31:29+00:00\",\"dateModified\":\"2026-04-07T09:16:26+00:00\",\"breadcrumb\":{\"@id\":\"https:\\\/\\\/hakansonunited.se\\\/sv\\\/nil\\\/#breadcrumb\"},\"inLanguage\":\"sv-SE\",\"potentialAction\":[{\"@type\":\"ReadAction\",\"target\":[\"https:\\\/\\\/hakansonunited.se\\\/sv\\\/nil\\\/\"]}]},{\"@type\":\"BreadcrumbList\",\"@id\":\"https:\\\/\\\/hakansonunited.se\\\/sv\\\/nil\\\/#breadcrumb\",\"itemListElement\":[{\"@type\":\"ListItem\",\"position\":1,\"name\":\"Home\",\"item\":\"https:\\\/\\\/hakansonunited.se\\\/sv\\\/\"},{\"@type\":\"ListItem\",\"position\":2,\"name\":\"NIL\"}]},{\"@type\":\"WebSite\",\"@id\":\"https:\\\/\\\/hakansonunited.se\\\/sv\\\/#website\",\"url\":\"https:\\\/\\\/hakansonunited.se\\\/sv\\\/\",\"name\":\"H\u00e5kanson United\",\"description\":\"We help brands do well by doing good\",\"publisher\":{\"@id\":\"https:\\\/\\\/hakansonunited.se\\\/sv\\\/#organization\"},\"potentialAction\":[{\"@type\":\"SearchAction\",\"target\":{\"@type\":\"EntryPoint\",\"urlTemplate\":\"https:\\\/\\\/hakansonunited.se\\\/sv\\\/?s={search_term_string}\"},\"query-input\":{\"@type\":\"PropertyValueSpecification\",\"valueRequired\":true,\"valueName\":\"search_term_string\"}}],\"inLanguage\":\"sv-SE\"},{\"@type\":\"Organization\",\"@id\":\"https:\\\/\\\/hakansonunited.se\\\/sv\\\/#organization\",\"name\":\"H\u00e5kanson United\",\"url\":\"https:\\\/\\\/hakansonunited.se\\\/sv\\\/\",\"logo\":{\"@type\":\"ImageObject\",\"inLanguage\":\"sv-SE\",\"@id\":\"https:\\\/\\\/hakansonunited.se\\\/sv\\\/#\\\/schema\\\/logo\\\/image\\\/\",\"url\":\"https:\\\/\\\/hakansonunited.se\\\/wp-content\\\/uploads\\\/2023\\\/01\\\/hakanson-united-logo.png\",\"contentUrl\":\"https:\\\/\\\/hakansonunited.se\\\/wp-content\\\/uploads\\\/2023\\\/01\\\/hakanson-united-logo.png\",\"width\":300,\"height\":116,\"caption\":\"H\u00e5kanson United\"},\"image\":{\"@id\":\"https:\\\/\\\/hakansonunited.se\\\/sv\\\/#\\\/schema\\\/logo\\\/image\\\/\"},\"sameAs\":[\"https:\\\/\\\/www.facebook.com\\\/HakansonUnited\\\/\"]}]}<\/script>\n<!-- \/ Yoast SEO plugin. -->","yoast_head_json":{"title":"NIL - H\u00e5kanson United","robots":{"index":"index","follow":"follow","max-snippet":"max-snippet:-1","max-image-preview":"max-image-preview:large","max-video-preview":"max-video-preview:-1"},"canonical":"https:\/\/hakansonunited.se\/sv\/nil\/","og_locale":"sv_SE","og_type":"article","og_title":"NIL - H\u00e5kanson United","og_description":"Nil: NAME, IMAGE, LIKENESS Hejsan! \u00c4r du en college-atlet fr\u00e5n Europa som undrar hur du ska bygga ditt namn och personliga varum\u00e4rke p\u00e5 b\u00e4sta s\u00e4tt? D\u00e5 har du hittat r\u00e4tt! Medan du fokuserar p\u00e5 din idrott bygger vi ditt personliga varum\u00e4rke och kopplar dig till NIL-n\u00e4tverk och sponsorer.","og_url":"https:\/\/hakansonunited.se\/sv\/nil\/","og_site_name":"H\u00e5kanson United","article_publisher":"https:\/\/www.facebook.com\/HakansonUnited\/","article_modified_time":"2026-04-07T09:16:26+00:00","twitter_card":"summary_large_image","twitter_misc":{"Ber\u00e4knad l\u00e4stid":"1 minut"},"schema":{"@context":"https:\/\/schema.org","@graph":[{"@type":"WebPage","@id":"https:\/\/hakansonunited.se\/sv\/nil\/","url":"https:\/\/hakansonunited.se\/sv\/nil\/","name":"NIL - H\u00e5kanson United","isPartOf":{"@id":"https:\/\/hakansonunited.se\/sv\/#website"},"datePublished":"2022-12-20T14:31:29+00:00","dateModified":"2026-04-07T09:16:26+00:00","breadcrumb":{"@id":"https:\/\/hakansonunited.se\/sv\/nil\/#breadcrumb"},"inLanguage":"sv-SE","potentialAction":[{"@type":"ReadAction","target":["https:\/\/hakansonunited.se\/sv\/nil\/"]}]},{"@type":"BreadcrumbList","@id":"https:\/\/hakansonunited.se\/sv\/nil\/#breadcrumb","itemListElement":[{"@type":"ListItem","position":1,"name":"Home","item":"https:\/\/hakansonunited.se\/sv\/"},{"@type":"ListItem","position":2,"name":"NIL"}]},{"@type":"WebSite","@id":"https:\/\/hakansonunited.se\/sv\/#website","url":"https:\/\/hakansonunited.se\/sv\/","name":"H\u00e5kanson United","description":"We help brands do well by doing good","publisher":{"@id":"https:\/\/hakansonunited.se\/sv\/#organization"},"potentialAction":[{"@type":"SearchAction","target":{"@type":"EntryPoint","urlTemplate":"https:\/\/hakansonunited.se\/sv\/?s={search_term_string}"},"query-input":{"@type":"PropertyValueSpecification","valueRequired":true,"valueName":"search_term_string"}}],"inLanguage":"sv-SE"},{"@type":"Organization","@id":"https:\/\/hakansonunited.se\/sv\/#organization","name":"H\u00e5kanson United","url":"https:\/\/hakansonunited.se\/sv\/","logo":{"@type":"ImageObject","inLanguage":"sv-SE","@id":"https:\/\/hakansonunited.se\/sv\/#\/schema\/logo\/image\/","url":"https:\/\/hakansonunited.se\/wp-content\/uploads\/2023\/01\/hakanson-united-logo.png","contentUrl":"https:\/\/hakansonunited.se\/wp-content\/uploads\/2023\/01\/hakanson-united-logo.png","width":300,"height":116,"caption":"H\u00e5kanson United"},"image":{"@id":"https:\/\/hakansonunited.se\/sv\/#\/schema\/logo\/image\/"},"sameAs":["https:\/\/www.facebook.com\/HakansonUnited\/"]}]}},"_links":{"self":[{"href":"https:\/\/hakansonunited.se\/sv\/wp-json\/wp\/v2\/pages\/1829","targetHints":{"allow":["GET"]}}],"collection":[{"href":"https:\/\/hakansonunited.se\/sv\/wp-json\/wp\/v2\/pages"}],"about":[{"href":"https:\/\/hakansonunited.se\/sv\/wp-json\/wp\/v2\/types\/page"}],"author":[{"embeddable":true,"href":"https:\/\/hakansonunited.se\/sv\/wp-json\/wp\/v2\/users\/2"}],"replies":[{"embeddable":true,"href":"https:\/\/hakansonunited.se\/sv\/wp-json\/wp\/v2\/comments?post=1829"}],"version-history":[{"count":8,"href":"https:\/\/hakansonunited.se\/sv\/wp-json\/wp\/v2\/pages\/1829\/revisions"}],"predecessor-version":[{"id":2171,"href":"https:\/\/hakansonunited.se\/sv\/wp-json\/wp\/v2\/pages\/1829\/revisions\/2171"}],"wp:attachment":[{"href":"https:\/\/hakansonunited.se\/sv\/wp-json\/wp\/v2\/media?parent=1829"}],"curies":[{"name":"wp","href":"https:\/\/api.w.org\/{rel}","templated":true}]}}